{"id":431,"date":"2025-08-10T01:56:04","date_gmt":"2025-08-09T22:56:04","guid":{"rendered":"https:\/\/alanyaesarp.com\/?page_id=431"},"modified":"2025-09-09T21:58:06","modified_gmt":"2025-09-09T18:58:06","slug":"hakkimizda","status":"publish","type":"page","link":"https:\/\/alanyaesarp.com\/de\/hakkimizda\/","title":{"rendered":"\u00dcber uns"},"content":{"rendered":"<div data-elementor-type=\"wp-page\" data-elementor-id=\"431\" class=\"elementor elementor-431\">\n\t\t\t\t<div class=\"elementor-element elementor-element-b11bf9e e-flex e-con-boxed e-con e-parent\" data-id=\"b11bf9e\" data-element_type=\"container\" data-settings=\"{&quot;background_background&quot;:&quot;classic&quot;,&quot;jet_parallax_layout_list&quot;:[]}\">\n\t\t\t\t\t<div class=\"e-con-inner\">\n\t\t<div class=\"elementor-element elementor-element-58e35d7 e-con-full e-flex e-con e-child\" data-id=\"58e35d7\" data-element_type=\"container\" data-settings=\"{&quot;jet_parallax_layout_list&quot;:[]}\">\n\t\t\t\t<div class=\"elementor-element elementor-element-a1c2924 elementor-widget elementor-widget-heading\" data-id=\"a1c2924\" data-element_type=\"widget\" data-widget_type=\"heading.default\">\n\t\t\t\t\t<h2 class=\"elementor-heading-title elementor-size-default\">\u00dcber uns<\/h2>\t\t\t\t<\/div>\n\t\t\t\t<\/div>\n\t\t\t\t\t<\/div>\n\t\t\t\t<\/div>\n\t\t<div class=\"elementor-element elementor-element-676695f e-flex e-con-boxed elementor-invisible e-con e-parent\" data-id=\"676695f\" data-element_type=\"container\" data-settings=\"{&quot;jet_parallax_layout_list&quot;:[],&quot;animation&quot;:&quot;fadeInUp&quot;}\">\n\t\t\t\t\t<div class=\"e-con-inner\">\n\t\t<div class=\"elementor-element elementor-element-37c8d29 e-con-full e-flex e-con e-child\" data-id=\"37c8d29\" data-element_type=\"container\" data-settings=\"{&quot;jet_parallax_layout_list&quot;:[]}\">\n\t\t\t\t<div class=\"elementor-element elementor-element-1432528 elementor-widget elementor-widget-heading\" data-id=\"1432528\" data-element_type=\"widget\" data-widget_type=\"heading.default\">\n\t\t\t\t\t<h2 class=\"elementor-heading-title elementor-size-default\">\u00dcber uns<\/h2>\t\t\t\t<\/div>\n\t\t\t\t<div class=\"elementor-element elementor-element-a787490 elementor-widget elementor-widget-text-editor\" data-id=\"a787490\" data-element_type=\"widget\" data-widget_type=\"text-editor.default\">\n\t\t\t\t\t\t\t\t\t<p data-start=\"205\" data-end=\"597\">Die Adresse, an der Sie die Eleganz von Alanya kennenlernen: <strong data-start=\"248\" data-end=\"268\">Thunfischschal &amp; -tuch<\/strong>. In unserem Boutique-Gesch\u00e4ft in Cikcilli; vom t\u00e4glichen Gebrauch bis zu besonderen Anl\u00e4ssen, von Hijab-Kombinationen bis zu Geschenkoptionen. <strong data-start=\"387\" data-end=\"396\">Schal<\/strong> Und <strong data-start=\"400\" data-end=\"407\">Schal<\/strong> Wir w\u00e4hlen unsere Kollektionen sorgf\u00e4ltig aus und pr\u00e4sentieren sie Ihnen. Unser Ziel ist es, Ihnen St\u00fccke zu bieten, die zu jedem Stil, jeder Jahreszeit und jedem Budget passen, mit Texturen und Farben, die Sie viele Jahre lang gerne tragen werden.<\/p><p data-start=\"599\" data-end=\"1077\">Wir streben ein nahezu makelloses Erlebnis in jedem Detail an, von der Stoffqualit\u00e4t bis zu den N\u00e4hten, von der Farbharmonie bis zur Mustervielfalt. Indem wir saisonale Trends genau verfolgen, <strong data-start=\"773\" data-end=\"805\">weiche Schals<\/strong>, <strong data-start=\"807\" data-end=\"831\">Twill-Schals<\/strong>, <strong data-start=\"833\" data-end=\"874\">unifarbene und gemusterte Seiden-Baumwoll-Mischungen<\/strong> Wir aktualisieren die vorgestellten Optionen st\u00e4ndig. Wenn Sie beispielsweise in den Laden kommen oder uns eine Nachricht \u00fcber WhatsApp senden, w\u00e4hlen wir basierend auf Ihrem Hautton, Ihrem Kopftuch-Bindestil und Ihren Kombinationen dasjenige aus, das am besten zu Ihnen passt.<\/p>\t\t\t\t\t\t\t\t<\/div>\n\t\t\t\t<\/div>\n\t\t<div class=\"elementor-element elementor-element-330a2ee e-con-full e-flex e-con e-child\" data-id=\"330a2ee\" data-element_type=\"container\" data-settings=\"{&quot;jet_parallax_layout_list&quot;:[]}\">\n\t\t\t\t<div class=\"elementor-element elementor-element-cd0cc63 elementor-widget elementor-widget-image\" data-id=\"cd0cc63\" data-element_type=\"widget\" data-widget_type=\"image.default\">\n\t\t\t\t\t\t\t\t\t\t\t\t\t\t\t<img fetchpriority=\"high\" decoding=\"async\" width=\"765\" height=\"535\" src=\"https:\/\/alanyaesarp.com\/wp-content\/uploads\/2025\/09\/tuna-esarp.png\" class=\"attachment-large size-large wp-image-652\" alt=\"\" srcset=\"https:\/\/alanyaesarp.com\/wp-content\/uploads\/2025\/09\/tuna-esarp.png 765w, https:\/\/alanyaesarp.com\/wp-content\/uploads\/2025\/09\/tuna-esarp-300x210.png 300w, https:\/\/alanyaesarp.com\/wp-content\/uploads\/2025\/09\/tuna-esarp-18x12.png 18w\" sizes=\"(max-width: 765px) 100vw, 765px\" \/>\t\t\t\t\t\t\t\t\t\t\t\t\t\t\t<\/div>\n\t\t\t\t<\/div>\n\t\t\t\t\t<\/div>\n\t\t\t\t<\/div>\n\t\t<div class=\"elementor-element elementor-element-bd77be3 e-flex e-con-boxed elementor-invisible e-con e-parent\" data-id=\"bd77be3\" data-element_type=\"container\" data-settings=\"{&quot;background_background&quot;:&quot;classic&quot;,&quot;jet_parallax_layout_list&quot;:[],&quot;animation&quot;:&quot;fadeInUp&quot;}\">\n\t\t\t\t\t<div class=\"e-con-inner\">\n\t\t<div class=\"elementor-element elementor-element-76513e5 e-con-full e-flex e-con e-child\" data-id=\"76513e5\" data-element_type=\"container\" data-settings=\"{&quot;jet_parallax_layout_list&quot;:[]}\">\n\t\t\t\t<div class=\"elementor-element elementor-element-3c9f1de elementor-widget elementor-widget-heading\" data-id=\"3c9f1de\" data-element_type=\"widget\" data-widget_type=\"heading.default\">\n\t\t\t\t\t<h2 class=\"elementor-heading-title elementor-size-default\">Unsere Mission<\/h2>\t\t\t\t<\/div>\n\t\t\t\t<div class=\"elementor-element elementor-element-19262aa elementor-widget elementor-widget-text-editor\" data-id=\"19262aa\" data-element_type=\"widget\" data-widget_type=\"text-editor.default\">\n\t\t\t\t\t\t\t\t\t<p><strong data-start=\"288\" data-end=\"308\">Thunfischschal &amp; -tuch<\/strong> Unsere Mission ist es, den Einkauf von Schals und T\u00fcchern in Alanya und Cikcilli von einer blo\u00dfen Produktauswahl in ein Boutique-Erlebnis zu verwandeln, das Qualit\u00e4t, Eleganz und pers\u00f6nliche Beratung vereint. <strong data-start=\"514\" data-end=\"537\">Twillschal<\/strong>, <strong data-start=\"539\" data-end=\"551\">weicher Schal<\/strong> und wir w\u00e4hlen unsere Kollektionen aus Seiden-Baumwoll-Mischgewebe sorgf\u00e4ltig nach den Kriterien Farbstabilit\u00e4t, Texturkomfort und Langlebigkeit aus. <strong data-start=\"708\" data-end=\"732\">Bestellung per WhatsApp<\/strong> Indem wir f\u00fcr jeden, der etwas tragen m\u00f6chte, die richtige Farb-Textur-Modell-Kombination anbieten, m\u00f6chten wir St\u00fccke liefern, die sicher von allt\u00e4glichen Kombinationen bis hin zu besonderen Anl\u00e4ssen getragen werden k\u00f6nnen. Unser Ziel ist,<strong data-start=\"904\" data-end=\"920\">Alanya Schal<\/strong> Und <strong data-start=\"924\" data-end=\"938\">Alanya-Schal<\/strong> Auf die Frage \u201eWo kaufen?\u201c geben wir seit Jahren immer die gleiche Antwort: mit freundlichem Service, transparenter Information und zeitlosen Kollektionen, die jeden Geschmack ansprechen. <strong data-start=\"1101\" data-end=\"1121\">Thunfischschal &amp; -tuch<\/strong>.<\/p>\t\t\t\t\t\t\t\t<\/div>\n\t\t\t\t<\/div>\n\t\t<div class=\"elementor-element elementor-element-55dc914 e-con-full e-flex e-con e-child\" data-id=\"55dc914\" data-element_type=\"container\" data-settings=\"{&quot;jet_parallax_layout_list&quot;:[]}\">\n\t\t\t\t<div class=\"elementor-element elementor-element-fd6db5a elementor-widget elementor-widget-heading\" data-id=\"fd6db5a\" data-element_type=\"widget\" data-widget_type=\"heading.default\">\n\t\t\t\t\t<h2 class=\"elementor-heading-title elementor-size-default\">Unsere Vision<\/h2>\t\t\t\t<\/div>\n\t\t\t\t<div class=\"elementor-element elementor-element-7c168ba elementor-widget elementor-widget-text-editor\" data-id=\"7c168ba\" data-element_type=\"widget\" data-widget_type=\"text-editor.default\">\n\t\t\t\t\t\t\t\t\t<p>Unsere Vision; <strong data-start=\"1149\" data-end=\"1175\">Schals und T\u00fccher in Alanya<\/strong> Wenn man uns fragt, ist das Erste, was uns in den Sinn kommt, eine inspirierende und empfehlenswerte lokale Marke zu sein. Indem wir das Boutique-Erlebnis in Cikcilli digital st\u00e4rken, bleiben wir mit den aktuellen Trends auf dem Laufenden. <strong data-start=\"1341\" data-end=\"1353\">weicher Schal<\/strong> Komfort und <strong data-start=\"1367\" data-end=\"1382\">Twillschal<\/strong> Eine Referenz, die Eleganz mit einer breiten Farbpalette verbindet <strong data-start=\"1448\" data-end=\"1468\">Schal-Schal-Boutique<\/strong> Das ist unser Ziel. Bei der Produktauswahl legen wir Wert auf Qualit\u00e4t und Nachhaltigkeit, bieten aber auch schnelle Kommunikation, visuelle Unterst\u00fctzung und praktische L\u00f6sungen, die den Benutzern das Leben erleichtern. <strong data-start=\"1625\" data-end=\"1637\">WhatsApp<\/strong> Wir gestalten ein nahtloses Einkaufserlebnis mit Bestellprozessen. Langfristig sichern wir unsere lokale St\u00e4rke und st\u00e4rken mit Inhalten, Styleguides und pers\u00f6nlicher Beratung das Vertrauen unserer Besucher: \u201eHier finde ich immer, was ich suche.\u201c <strong data-start=\"1878\" data-end=\"1898\">Thunfischschal &amp; -tuch<\/strong> Wir m\u00f6chten seinen Namen einem breiteren Publikum bekannt machen.<\/p>\t\t\t\t\t\t\t\t<\/div>\n\t\t\t\t<\/div>\n\t\t\t\t\t<\/div>\n\t\t\t\t<\/div>\n\t\t<div class=\"elementor-element elementor-element-462d642 e-flex e-con-boxed elementor-invisible e-con e-parent\" data-id=\"462d642\" data-element_type=\"container\" data-settings=\"{&quot;background_background&quot;:&quot;classic&quot;,&quot;jet_parallax_layout_list&quot;:[],&quot;animation&quot;:&quot;fadeInUp&quot;}\">\n\t\t\t\t\t<div class=\"e-con-inner\">\n\t\t<div class=\"elementor-element elementor-element-61d54cf e-con-full e-flex e-con e-child\" data-id=\"61d54cf\" data-element_type=\"container\" data-settings=\"{&quot;jet_parallax_layout_list&quot;:[]}\">\n\t\t\t\t<div class=\"elementor-element elementor-element-9df9d29 elementor-widget elementor-widget-heading\" data-id=\"9df9d29\" data-element_type=\"widget\" data-widget_type=\"heading.default\">\n\t\t\t\t\t<h2 class=\"elementor-heading-title elementor-size-default\">Unsere Werte<\/h2>\t\t\t\t<\/div>\n\t\t\t\t<div class=\"elementor-element elementor-element-ae0474a elementor-widget elementor-widget-text-editor\" data-id=\"ae0474a\" data-element_type=\"widget\" data-widget_type=\"text-editor.default\">\n\t\t\t\t\t\t\t\t\t<p data-start=\"1961\" data-end=\"2243\"><strong data-start=\"1961\" data-end=\"1982\">Qualit\u00e4t und Eleganz<\/strong><br data-start=\"1982\" data-end=\"1985\" \/>Wir w\u00e4hlen unsere Produkte nach Kriterien wie Strukturfestigkeit, Farbbest\u00e4ndigkeit und sauberer Verarbeitung aus. <strong data-start=\"2072\" data-end=\"2087\">Twill-Schal<\/strong> Und <strong data-start=\"2091\" data-end=\"2103\">weicher Schal<\/strong> Unsere Kollektionen versprechen Komfort f\u00fcr den Alltag und Eleganz f\u00fcr besondere Anl\u00e4sse. Wir m\u00f6chten sicherstellen, dass jedes St\u00fcck eine langlebige Investition in Ihre Garderobe ist.<\/p><p data-start=\"2245\" data-end=\"2528\"><strong data-start=\"2245\" data-end=\"2272\">Pers\u00f6nliche Beratung<\/strong><br data-start=\"2272\" data-end=\"2275\" \/>Jeder unserer Kunden ist einzigartig, abh\u00e4ngig von seinem Hautton, seiner Gesichtsform und seinem Bindestil. <strong data-start=\"2349\" data-end=\"2363\">Farbharmonie<\/strong> und Modellvorschl\u00e4ge; wir bringen Ihren Stil mit der richtigen Schal-Tuch-Kombination zum Strahlen. Im Gesch\u00e4ft und <strong data-start=\"2454\" data-end=\"2466\">WhatsApp<\/strong> Wir bieten eine schnelle, freundliche und zielf\u00fchrende Kommunikation per.<\/p><p data-start=\"2530\" data-end=\"2792\"><strong data-start=\"2530\" data-end=\"2552\">Transparenz und Vertrauen<\/strong><br data-start=\"2552\" data-end=\"2555\" \/>Klare Preisgestaltung, klare Lagerinformationen und ehrliches Feedback sind f\u00fcr uns unerl\u00e4sslich.<strong data-start=\"2644\" data-end=\"2667\">Alanya Schalboutique<\/strong> Die Frage \u201eIst das zuverl\u00e4ssig?\u201c beantworten wir seit Jahren gerne: Wir liefern die versprochene Qualit\u00e4t im vereinbarten Zeitrahmen.<\/p><p data-start=\"2794\" data-end=\"3091\"><strong data-start=\"2794\" data-end=\"2821\">Lokale Verbindung und Kontinuit\u00e4t<\/strong><br data-start=\"2821\" data-end=\"2824\" \/>Als Boutique mit tiefen Wurzeln in Cikcilli verfolgen wir die Bed\u00fcrfnisse und Geschm\u00e4cker der Region genau und aktualisieren unsere Kollektion entsprechend.<strong data-start=\"2959\" data-end=\"2977\">Cikcilli-Schal<\/strong>\u201d, \u201c<strong data-start=\"2981\" data-end=\"3004\">Alanya Schalladen<\/strong>\u201eWir bieten Ihnen bei Ihren Suchen stets aktuelle, ausgew\u00e4hlte und barrierefreie Optionen.<\/p><p data-start=\"3093\" data-end=\"3306\"><strong data-start=\"3093\" data-end=\"3122\">\u00c4sthetik und Funktion vereint<\/strong><br data-start=\"3122\" data-end=\"3125\" \/>Wir bieten Produkte, die nicht nur sch\u00f6n aussehen, sondern auch den ganzen Tag Komfort bieten. Mit langlebigen Farben, rutschfesten Texturen und praktischer Nutzung, <strong data-start=\"3254\" data-end=\"3274\">Thunfischschal &amp; -tuch<\/strong> ist die Grundlage der Designphilosophie.<\/p><p data-start=\"3308\" data-end=\"3600\"><strong data-start=\"3308\" data-end=\"3345\">Schnelle Kommunikation und L\u00f6sungsorientierung<\/strong><br data-start=\"3345\" data-end=\"3348\" \/>Kehrt sofort zum gew\u00fcnschten Modell zur\u00fcck; <strong data-start=\"3388\" data-end=\"3406\">Farbkarte<\/strong>Wir erleichtern Ihnen die Entscheidung mit Nahaufnahmen der Texturen und alternativen Vorschl\u00e4gen. Mit Boutique-L\u00f6sungen wie Umtausch und Geschenkverpackung machen wir das Einkaufen reibungslos und begleiten Sie bei jedem Schritt.<\/p>\t\t\t\t\t\t\t\t<\/div>\n\t\t\t\t<\/div>\n\t\t\t\t\t<\/div>\n\t\t\t\t<\/div>\n\t\t\t\t<\/div>","protected":false},"excerpt":{"rendered":"<p>\u00dcber uns: Die Adresse f\u00fcr die Eleganz Alanyas: Tuna Scarf &amp; Shawl. In unserer Boutique in Cikcilli pr\u00e4sentieren wir Ihnen sorgf\u00e4ltig ausgew\u00e4hlte Schal- und Tuchkollektionen f\u00fcr jeden Anlass \u2013 vom Alltag bis zu besonderen Gelegenheiten, von dezenten Outfits bis hin zu Geschenkideen. Unser Ziel ist es, St\u00fccke f\u00fcr jeden Stil, jede Jahreszeit und jedes Budget anzubieten, deren Textur und Farbe Sie lieben und viele Jahre lang tragen werden. Von der Stoffqualit\u00e4t bis zur Verarbeitung, von der Farbharmonie bis zum Muster [\u2026]<\/p>","protected":false},"author":1,"featured_media":713,"parent":0,"menu_order":0,"comment_status":"closed","ping_status":"closed","template":"elementor_header_footer","meta":{"_acf_changed":false,"footnotes":""},"class_list":["post-431","page","type-page","status-publish","has-post-thumbnail","hentry"],"acf":[],"yoast_head":"<!-- This site is optimized with the Yoast SEO plugin v25.6 - https:\/\/yoast.com\/wordpress\/plugins\/seo\/ -->\n<title>Hakk\u0131m\u0131zda - Alanya E\u015farp - Alanya \u015eal - Alanya T\u00fcrban<\/title>\n<meta name=\"robots\" content=\"index, follow, max-snippet:-1, max-image-preview:large, max-video-preview:-1\" \/>\n<link rel=\"canonical\" href=\"https:\/\/alanyaesarp.com\/de\/hakkimizda\/\" \/>\n<meta property=\"og:locale\" content=\"de_DE\" \/>\n<meta property=\"og:type\" content=\"article\" \/>\n<meta property=\"og:title\" content=\"Hakk\u0131m\u0131zda - Alanya E\u015farp - Alanya \u015eal - Alanya T\u00fcrban\" \/>\n<meta property=\"og:description\" content=\"Hakk\u0131m\u0131zda Hakk\u0131m\u0131zda Alanya\u2019n\u0131n zarafetiyle bulu\u015ftu\u011funuz adres: Tuna E\u015farp &amp; \u015eal. Cikcilli\u2019deki butik ma\u011fazam\u0131zda; g\u00fcnl\u00fck kullan\u0131mdan \u00f6zel g\u00fcnlere, tesett\u00fcr kombinlerinden hediye se\u00e7eneklerine kadar e\u015farp ve \u015fal koleksiyonlar\u0131n\u0131 titizlikle se\u00e7erek sizlere sunuyoruz. Amac\u0131m\u0131z; her tarza, her mevsime ve her b\u00fct\u00e7eye uygun, dokusuyla ve rengiyle uzun y\u0131llar severek kullanaca\u011f\u0131n\u0131z par\u00e7alar\u0131 bulu\u015fturmak. Kuma\u015f kalitesinden diki\u015f i\u015f\u00e7ili\u011fine, renk uyumundan desen [&hellip;]\" \/>\n<meta property=\"og:url\" content=\"https:\/\/alanyaesarp.com\/de\/hakkimizda\/\" \/>\n<meta property=\"og:site_name\" content=\"Alanya E\u015farp - Alanya \u015eal - Alanya T\u00fcrban\" \/>\n<meta property=\"article:modified_time\" content=\"2025-09-09T18:58:06+00:00\" \/>\n<meta property=\"og:image\" content=\"https:\/\/alanyaesarp.com\/wp-content\/uploads\/2020\/06\/Tuna-Esarp-favicon.png\" \/>\n\t<meta property=\"og:image:width\" content=\"1024\" \/>\n\t<meta property=\"og:image:height\" content=\"1024\" \/>\n\t<meta property=\"og:image:type\" content=\"image\/png\" \/>\n<meta name=\"twitter:card\" content=\"summary_large_image\" \/>\n<meta name=\"twitter:label1\" content=\"Gesch\u00e4tzte Lesezeit\" \/>\n\t<meta name=\"twitter:data1\" content=\"4\u00a0Minuten\" \/>\n<script type=\"application\/ld+json\" class=\"yoast-schema-graph\">{\"@context\":\"https:\/\/schema.org\",\"@graph\":[{\"@type\":\"WebPage\",\"@id\":\"https:\/\/alanyaesarp.com\/hakkimizda\/\",\"url\":\"https:\/\/alanyaesarp.com\/hakkimizda\/\",\"name\":\"Hakk\u0131m\u0131zda - Alanya E\u015farp - Alanya \u015eal - Alanya T\u00fcrban\",\"isPartOf\":{\"@id\":\"https:\/\/alanyaesarp.com\/#website\"},\"primaryImageOfPage\":{\"@id\":\"https:\/\/alanyaesarp.com\/hakkimizda\/#primaryimage\"},\"image\":{\"@id\":\"https:\/\/alanyaesarp.com\/hakkimizda\/#primaryimage\"},\"thumbnailUrl\":\"https:\/\/alanyaesarp.com\/wp-content\/uploads\/2020\/06\/Tuna-Esarp-favicon.png\",\"datePublished\":\"2025-08-09T22:56:04+00:00\",\"dateModified\":\"2025-09-09T18:58:06+00:00\",\"breadcrumb\":{\"@id\":\"https:\/\/alanyaesarp.com\/hakkimizda\/#breadcrumb\"},\"inLanguage\":\"de\",\"potentialAction\":[{\"@type\":\"ReadAction\",\"target\":[\"https:\/\/alanyaesarp.com\/hakkimizda\/\"]}]},{\"@type\":\"ImageObject\",\"inLanguage\":\"de\",\"@id\":\"https:\/\/alanyaesarp.com\/hakkimizda\/#primaryimage\",\"url\":\"https:\/\/alanyaesarp.com\/wp-content\/uploads\/2020\/06\/Tuna-Esarp-favicon.png\",\"contentUrl\":\"https:\/\/alanyaesarp.com\/wp-content\/uploads\/2020\/06\/Tuna-Esarp-favicon.png\",\"width\":1024,\"height\":1024},{\"@type\":\"BreadcrumbList\",\"@id\":\"https:\/\/alanyaesarp.com\/hakkimizda\/#breadcrumb\",\"itemListElement\":[{\"@type\":\"ListItem\",\"position\":1,\"name\":\"Anasayfa\",\"item\":\"https:\/\/alanyaesarp.com\/\"},{\"@type\":\"ListItem\",\"position\":2,\"name\":\"Hakk\u0131m\u0131zda\"}]},{\"@type\":\"WebSite\",\"@id\":\"https:\/\/alanyaesarp.com\/#website\",\"url\":\"https:\/\/alanyaesarp.com\/\",\"name\":\"Alanya E\u015farp - Alanya \u015eal - Alanya T\u00fcrban\",\"description\":\"Alanya E\u015farp - Alanya \u015eal - Alanya T\u00fcrban\",\"potentialAction\":[{\"@type\":\"SearchAction\",\"target\":{\"@type\":\"EntryPoint\",\"urlTemplate\":\"https:\/\/alanyaesarp.com\/?s={search_term_string}\"},\"query-input\":{\"@type\":\"PropertyValueSpecification\",\"valueRequired\":true,\"valueName\":\"search_term_string\"}}],\"inLanguage\":\"de\"}]}<\/script>\n<!-- \/ Yoast SEO plugin. -->","yoast_head_json":{"title":"Hakk\u0131m\u0131zda - Alanya E\u015farp - Alanya \u015eal - Alanya T\u00fcrban","robots":{"index":"index","follow":"follow","max-snippet":"max-snippet:-1","max-image-preview":"max-image-preview:large","max-video-preview":"max-video-preview:-1"},"canonical":"https:\/\/alanyaesarp.com\/de\/hakkimizda\/","og_locale":"de_DE","og_type":"article","og_title":"Hakk\u0131m\u0131zda - Alanya E\u015farp - Alanya \u015eal - Alanya T\u00fcrban","og_description":"Hakk\u0131m\u0131zda Hakk\u0131m\u0131zda Alanya\u2019n\u0131n zarafetiyle bulu\u015ftu\u011funuz adres: Tuna E\u015farp &amp; \u015eal. Cikcilli\u2019deki butik ma\u011fazam\u0131zda; g\u00fcnl\u00fck kullan\u0131mdan \u00f6zel g\u00fcnlere, tesett\u00fcr kombinlerinden hediye se\u00e7eneklerine kadar e\u015farp ve \u015fal koleksiyonlar\u0131n\u0131 titizlikle se\u00e7erek sizlere sunuyoruz. Amac\u0131m\u0131z; her tarza, her mevsime ve her b\u00fct\u00e7eye uygun, dokusuyla ve rengiyle uzun y\u0131llar severek kullanaca\u011f\u0131n\u0131z par\u00e7alar\u0131 bulu\u015fturmak. Kuma\u015f kalitesinden diki\u015f i\u015f\u00e7ili\u011fine, renk uyumundan desen [&hellip;]","og_url":"https:\/\/alanyaesarp.com\/de\/hakkimizda\/","og_site_name":"Alanya E\u015farp - Alanya \u015eal - Alanya T\u00fcrban","article_modified_time":"2025-09-09T18:58:06+00:00","og_image":[{"width":1024,"height":1024,"url":"https:\/\/alanyaesarp.com\/wp-content\/uploads\/2020\/06\/Tuna-Esarp-favicon.png","type":"image\/png"}],"twitter_card":"summary_large_image","twitter_misc":{"Gesch\u00e4tzte Lesezeit":"4\u00a0Minuten"},"schema":{"@context":"https:\/\/schema.org","@graph":[{"@type":"WebPage","@id":"https:\/\/alanyaesarp.com\/hakkimizda\/","url":"https:\/\/alanyaesarp.com\/hakkimizda\/","name":"Hakk\u0131m\u0131zda - Alanya E\u015farp - Alanya \u015eal - Alanya T\u00fcrban","isPartOf":{"@id":"https:\/\/alanyaesarp.com\/#website"},"primaryImageOfPage":{"@id":"https:\/\/alanyaesarp.com\/hakkimizda\/#primaryimage"},"image":{"@id":"https:\/\/alanyaesarp.com\/hakkimizda\/#primaryimage"},"thumbnailUrl":"https:\/\/alanyaesarp.com\/wp-content\/uploads\/2020\/06\/Tuna-Esarp-favicon.png","datePublished":"2025-08-09T22:56:04+00:00","dateModified":"2025-09-09T18:58:06+00:00","breadcrumb":{"@id":"https:\/\/alanyaesarp.com\/hakkimizda\/#breadcrumb"},"inLanguage":"de","potentialAction":[{"@type":"ReadAction","target":["https:\/\/alanyaesarp.com\/hakkimizda\/"]}]},{"@type":"ImageObject","inLanguage":"de","@id":"https:\/\/alanyaesarp.com\/hakkimizda\/#primaryimage","url":"https:\/\/alanyaesarp.com\/wp-content\/uploads\/2020\/06\/Tuna-Esarp-favicon.png","contentUrl":"https:\/\/alanyaesarp.com\/wp-content\/uploads\/2020\/06\/Tuna-Esarp-favicon.png","width":1024,"height":1024},{"@type":"BreadcrumbList","@id":"https:\/\/alanyaesarp.com\/hakkimizda\/#breadcrumb","itemListElement":[{"@type":"ListItem","position":1,"name":"Anasayfa","item":"https:\/\/alanyaesarp.com\/"},{"@type":"ListItem","position":2,"name":"Hakk\u0131m\u0131zda"}]},{"@type":"WebSite","@id":"https:\/\/alanyaesarp.com\/#website","url":"https:\/\/alanyaesarp.com\/","name":"Alanya E\u015farp - Alanya \u015eal - Alanya T\u00fcrban","description":"Alanya E\u015farp - Alanya \u015eal - Alanya T\u00fcrban","potentialAction":[{"@type":"SearchAction","target":{"@type":"EntryPoint","urlTemplate":"https:\/\/alanyaesarp.com\/?s={search_term_string}"},"query-input":{"@type":"PropertyValueSpecification","valueRequired":true,"valueName":"search_term_string"}}],"inLanguage":"de"}]}},"_links":{"self":[{"href":"https:\/\/alanyaesarp.com\/de\/wp-json\/wp\/v2\/pages\/431","targetHints":{"allow":["GET"]}}],"collection":[{"href":"https:\/\/alanyaesarp.com\/de\/wp-json\/wp\/v2\/pages"}],"about":[{"href":"https:\/\/alanyaesarp.com\/de\/wp-json\/wp\/v2\/types\/page"}],"author":[{"embeddable":true,"href":"https:\/\/alanyaesarp.com\/de\/wp-json\/wp\/v2\/users\/1"}],"replies":[{"embeddable":true,"href":"https:\/\/alanyaesarp.com\/de\/wp-json\/wp\/v2\/comments?post=431"}],"version-history":[{"count":14,"href":"https:\/\/alanyaesarp.com\/de\/wp-json\/wp\/v2\/pages\/431\/revisions"}],"predecessor-version":[{"id":785,"href":"https:\/\/alanyaesarp.com\/de\/wp-json\/wp\/v2\/pages\/431\/revisions\/785"}],"wp:featuredmedia":[{"embeddable":true,"href":"https:\/\/alanyaesarp.com\/de\/wp-json\/wp\/v2\/media\/713"}],"wp:attachment":[{"href":"https:\/\/alanyaesarp.com\/de\/wp-json\/wp\/v2\/media?parent=431"}],"curies":[{"name":"wp","href":"https:\/\/api.w.org\/{rel}","templated":true}]}}