{"id":105,"date":"2020-06-24T07:16:32","date_gmt":"2020-06-24T07:16:32","guid":{"rendered":"https:\/\/jupiterx.artbees.net\/accountant\/?page_id=105"},"modified":"2025-09-09T21:58:59","modified_gmt":"2025-09-09T18:58:59","slug":"blog","status":"publish","type":"page","link":"https:\/\/alanyaesarp.com\/de\/blog\/","title":{"rendered":"Der Blog"},"content":{"rendered":"<div data-elementor-type=\"wp-page\" data-elementor-id=\"105\" class=\"elementor elementor-105\">\n\t\t\t\t<div class=\"elementor-element elementor-element-46e47c9 e-flex e-con-boxed e-con e-parent\" data-id=\"46e47c9\" data-element_type=\"container\" data-settings=\"{&quot;background_background&quot;:&quot;classic&quot;,&quot;jet_parallax_layout_list&quot;:[]}\">\n\t\t\t\t\t<div class=\"e-con-inner\">\n\t\t<div class=\"elementor-element elementor-element-d42e452 e-con-full e-flex e-con e-child\" data-id=\"d42e452\" data-element_type=\"container\" data-settings=\"{&quot;jet_parallax_layout_list&quot;:[]}\">\n\t\t\t\t<div class=\"elementor-element elementor-element-bcf2c65 elementor-widget elementor-widget-heading\" data-id=\"bcf2c65\" data-element_type=\"widget\" data-widget_type=\"heading.default\">\n\t\t\t\t\t<h2 class=\"elementor-heading-title elementor-size-default\">Unsere Blogbeitr\u00e4ge<\/h2>\t\t\t\t<\/div>\n\t\t\t\t<\/div>\n\t\t\t\t\t<\/div>\n\t\t\t\t<\/div>\n\t\t<div class=\"elementor-element elementor-element-95e6391 e-flex e-con-boxed elementor-invisible e-con e-parent\" data-id=\"95e6391\" data-element_type=\"container\" data-settings=\"{&quot;jet_parallax_layout_list&quot;:[],&quot;animation&quot;:&quot;fadeInUp&quot;}\">\n\t\t\t\t\t<div class=\"e-con-inner\">\n\t\t<div class=\"elementor-element elementor-element-12b46d6 e-con-full e-flex e-con e-child\" data-id=\"12b46d6\" data-element_type=\"container\" data-settings=\"{&quot;jet_parallax_layout_list&quot;:[]}\">\n\t\t\t\t<div class=\"elementor-element elementor-element-44614b8 elementor-widget elementor-widget-heading\" data-id=\"44614b8\" data-element_type=\"widget\" data-widget_type=\"heading.default\">\n\t\t\t\t\t<h2 class=\"elementor-heading-title elementor-size-default\">Was wir f\u00fcr Sie vorbereitet haben<\/h2>\t\t\t\t<\/div>\n\t\t\t\t<div class=\"elementor-element elementor-element-d70e010 raven-hover-grayscale raven-button-align-center elementor-widget elementor-widget-raven-posts-carousel\" data-id=\"d70e010\" data-element_type=\"widget\" data-settings=\"{&quot;classic_slides_view&quot;:&quot;4&quot;,&quot;classic_post_image_hover_effect&quot;:&quot;grayscale&quot;,&quot;_skin&quot;:&quot;classic&quot;,&quot;classic_slides_view_tablet&quot;:&quot;2&quot;,&quot;classic_slides_view_mobile&quot;:&quot;1&quot;,&quot;classic_slides_scroll&quot;:&quot;1&quot;,&quot;classic_slides_scroll_tablet&quot;:&quot;1&quot;,&quot;classic_slides_scroll_mobile&quot;:&quot;1&quot;,&quot;classic_transition_speed&quot;:500,&quot;classic_enable_infinite_loop&quot;:&quot;yes&quot;,&quot;classic_show_arrows&quot;:&quot;yes&quot;,&quot;query_offset&quot;:0,&quot;classic_columns_space_between&quot;:{&quot;unit&quot;:&quot;px&quot;,&quot;size&quot;:30,&quot;sizes&quot;:[]},&quot;classic_columns_space_between_tablet&quot;:{&quot;unit&quot;:&quot;px&quot;,&quot;size&quot;:20,&quot;sizes&quot;:[]},&quot;classic_columns_space_between_mobile&quot;:{&quot;unit&quot;:&quot;px&quot;,&quot;size&quot;:10,&quot;sizes&quot;:[]}}\" data-widget_type=\"raven-posts-carousel.classic\">\n\t\t\t\t<div class=\"elementor-widget-container\">\n\t\t\t\t\t\t\t<div class=\"raven-posts-carousel raven-swiper-slider\">\r\n\t\t\t<div class=\"raven-posts-carousel-swiper-container swiper\">\r\n\t\t\t\t<div class=\"swiper-wrapper swiper-columns-4\" data-swiper='{&quot;rtl&quot;:false}'>\r\n\t\t\r\n\t\t<div class=\"swiper-slide\">\r\n\t\t\t<div class=\"raven-post-wrapper\">\r\n\t\t\t\t<div class=\"raven-post\">\r\n\t\t\t\t\t\t\t<div class=\"raven-post-image-wrap\">\r\n\t\t\t<a class=\"raven-post-image raven-image-fit\"  href=\"https:\/\/alanyaesarp.com\/de\/esarp-sal-bakim-kilavuzu-uzun-omur-icin-dogru-adimlar-tuna-esarp-sal-alanya\/\"><img fetchpriority=\"high\" decoding=\"async\" width=\"1024\" height=\"1024\" src=\"https:\/\/alanyaesarp.com\/wp-content\/uploads\/2025\/08\/6.png\" class=\"attachment-large size-large wp-image-700\" alt=\"\" srcset=\"https:\/\/alanyaesarp.com\/wp-content\/uploads\/2025\/08\/6.png 1024w, https:\/\/alanyaesarp.com\/wp-content\/uploads\/2025\/08\/6-300x300.png 300w, https:\/\/alanyaesarp.com\/wp-content\/uploads\/2025\/08\/6-150x150.png 150w, https:\/\/alanyaesarp.com\/wp-content\/uploads\/2025\/08\/6-768x768.png 768w, https:\/\/alanyaesarp.com\/wp-content\/uploads\/2025\/08\/6-12x12.png 12w, https:\/\/alanyaesarp.com\/wp-content\/uploads\/2025\/08\/6-500x500.png 500w\" sizes=\"(max-width: 1024px) 100vw, 1024px\" \/> <span class=\"raven-post-image-overlay\"><\/span><\/a>\t\t<\/div>\r\n\t\t\r\n\t\t\t\t\t<div class=\"raven-post-content\">\r\n\t\t\t\t\t\t<h3 class=\"raven-post-title\"><a class=\"raven-post-title-link\" href=\"https:\/\/alanyaesarp.com\/de\/esarp-sal-bakim-kilavuzu-uzun-omur-icin-dogru-adimlar-tuna-esarp-sal-alanya\/\">Pflegeanleitung f\u00fcr Schals und T\u00fccher: Die richtigen Schritte f\u00fcr eine lange Lebensdauer (Tuna-Schal und -Tuch \u2013 Alanya)<\/a><\/h3><div class=\"raven-post-excerpt\">Pflegeanleitung f\u00fcr Schals und T\u00fccher: Die richtigen Schritte f\u00fcr eine lange Lebensdauer (Tuna Schals und T\u00fccher \u2013 Alanya) Beim Kauf von Schals und T\u00fcchern in Alanya ist es genauso wichtig, das richtige Modell zu finden, wie es richtig zu verwenden und<\/div>\t\t<div class=\"raven-post-read-more\">\r\n\t\t\t<a class=\"raven-post-button\" href=\"https:\/\/alanyaesarp.com\/de\/esarp-sal-bakim-kilavuzu-uzun-omur-icin-dogru-adimlar-tuna-esarp-sal-alanya\/\"><span class=\"raven-post-button-text\">Mehr lesen<\/span><\/a>\r\n\t\t<\/div>\r\n\t\t\t\t\t\t\t<\/div>\r\n\t\t\t\t<\/div>\r\n\t\t\t<\/div>\r\n\t\t<\/div>\r\n\t\t\r\n\t\t<div class=\"swiper-slide\">\r\n\t\t\t<div class=\"raven-post-wrapper\">\r\n\t\t\t\t<div class=\"raven-post\">\r\n\t\t\t\t\t\t\t<div class=\"raven-post-image-wrap\">\r\n\t\t\t<a class=\"raven-post-image raven-image-fit\"  href=\"https:\/\/alanyaesarp.com\/de\/yuz-sekline-gore-esarp-sal-secimi-baglama-stilleri-rehberi-tuna-esarp-sal\/\"><img decoding=\"async\" width=\"1024\" height=\"1024\" src=\"https:\/\/alanyaesarp.com\/wp-content\/uploads\/2025\/08\/5.png\" class=\"attachment-large size-large wp-image-699\" alt=\"\" srcset=\"https:\/\/alanyaesarp.com\/wp-content\/uploads\/2025\/08\/5.png 1024w, https:\/\/alanyaesarp.com\/wp-content\/uploads\/2025\/08\/5-300x300.png 300w, https:\/\/alanyaesarp.com\/wp-content\/uploads\/2025\/08\/5-150x150.png 150w, https:\/\/alanyaesarp.com\/wp-content\/uploads\/2025\/08\/5-768x768.png 768w, https:\/\/alanyaesarp.com\/wp-content\/uploads\/2025\/08\/5-12x12.png 12w, https:\/\/alanyaesarp.com\/wp-content\/uploads\/2025\/08\/5-500x500.png 500w\" sizes=\"(max-width: 1024px) 100vw, 1024px\" \/> <span class=\"raven-post-image-overlay\"><\/span><\/a>\t\t<\/div>\r\n\t\t\r\n\t\t\t\t\t<div class=\"raven-post-content\">\r\n\t\t\t\t\t\t<h3 class=\"raven-post-title\"><a class=\"raven-post-title-link\" href=\"https:\/\/alanyaesarp.com\/de\/yuz-sekline-gore-esarp-sal-secimi-baglama-stilleri-rehberi-tuna-esarp-sal\/\">Einen Schal oder ein Tuch entsprechend Ihrer Gesichtsform ausw\u00e4hlen: Leitfaden f\u00fcr Bindestile (Thunfischschal und -tuch)<\/a><\/h3><div class=\"raven-post-excerpt\">Auswahl von Schals und T\u00fcchern entsprechend der Gesichtsform: Leitfaden zu Bindestilen (Thunfischschal und -tuch) Das wichtigste Problem beim Kauf von Schals und T\u00fcchern in Alanya ist die Auswahl der Textur und des Bindestils, die zu Ihrer Gesichtsform passen.<\/div>\t\t<div class=\"raven-post-read-more\">\r\n\t\t\t<a class=\"raven-post-button\" href=\"https:\/\/alanyaesarp.com\/de\/yuz-sekline-gore-esarp-sal-secimi-baglama-stilleri-rehberi-tuna-esarp-sal\/\"><span class=\"raven-post-button-text\">Mehr lesen<\/span><\/a>\r\n\t\t<\/div>\r\n\t\t\t\t\t\t\t<\/div>\r\n\t\t\t\t<\/div>\r\n\t\t\t<\/div>\r\n\t\t<\/div>\r\n\t\t\r\n\t\t<div class=\"swiper-slide\">\r\n\t\t\t<div class=\"raven-post-wrapper\">\r\n\t\t\t\t<div class=\"raven-post\">\r\n\t\t\t\t\t\t\t<div class=\"raven-post-image-wrap\">\r\n\t\t\t<a class=\"raven-post-image raven-image-fit\"  href=\"https:\/\/alanyaesarp.com\/de\/mevsimlere-gore-esarp-sal-secimi-alanyada-sikligin-adresi-tuna-esarp-sal\/\"><img decoding=\"async\" width=\"1024\" height=\"1024\" src=\"https:\/\/alanyaesarp.com\/wp-content\/uploads\/2025\/08\/4.png\" class=\"attachment-large size-large wp-image-698\" alt=\"\" srcset=\"https:\/\/alanyaesarp.com\/wp-content\/uploads\/2025\/08\/4.png 1024w, https:\/\/alanyaesarp.com\/wp-content\/uploads\/2025\/08\/4-300x300.png 300w, https:\/\/alanyaesarp.com\/wp-content\/uploads\/2025\/08\/4-150x150.png 150w, https:\/\/alanyaesarp.com\/wp-content\/uploads\/2025\/08\/4-768x768.png 768w, https:\/\/alanyaesarp.com\/wp-content\/uploads\/2025\/08\/4-12x12.png 12w, https:\/\/alanyaesarp.com\/wp-content\/uploads\/2025\/08\/4-500x500.png 500w\" sizes=\"(max-width: 1024px) 100vw, 1024px\" \/> <span class=\"raven-post-image-overlay\"><\/span><\/a>\t\t<\/div>\r\n\t\t\r\n\t\t\t\t\t<div class=\"raven-post-content\">\r\n\t\t\t\t\t\t<h3 class=\"raven-post-title\"><a class=\"raven-post-title-link\" href=\"https:\/\/alanyaesarp.com\/de\/mevsimlere-gore-esarp-sal-secimi-alanyada-sikligin-adresi-tuna-esarp-sal\/\">Schal- und Tuchauswahl je nach Jahreszeit: Tuna Schal &amp; Tuch, die Adresse der Eleganz in Alanya<\/a><\/h3><div class=\"raven-post-excerpt\">Schals und T\u00fccher je nach Jahreszeit ausw\u00e4hlen: Tuna Schals und T\u00fccher, die elegante Adresse in Alanya. Bei der Auswahl des richtigen Schals und T\u00fcchers in Alanya m\u00fcssen die saisonalen Bedingungen und das Tempo des t\u00e4glichen Lebens ber\u00fccksichtigt werden.<\/div>\t\t<div class=\"raven-post-read-more\">\r\n\t\t\t<a class=\"raven-post-button\" href=\"https:\/\/alanyaesarp.com\/de\/mevsimlere-gore-esarp-sal-secimi-alanyada-sikligin-adresi-tuna-esarp-sal\/\"><span class=\"raven-post-button-text\">Mehr lesen<\/span><\/a>\r\n\t\t<\/div>\r\n\t\t\t\t\t\t\t<\/div>\r\n\t\t\t\t<\/div>\r\n\t\t\t<\/div>\r\n\t\t<\/div>\r\n\t\t\r\n\t\t<div class=\"swiper-slide\">\r\n\t\t\t<div class=\"raven-post-wrapper\">\r\n\t\t\t\t<div class=\"raven-post\">\r\n\t\t\t\t\t\t\t<div class=\"raven-post-image-wrap\">\r\n\t\t\t<a class=\"raven-post-image raven-image-fit\"  href=\"https:\/\/alanyaesarp.com\/de\/alanyada-esarp-sal-secimi-renk-doku-ve-kombin-rehberi-tuna-esarp-sal\/\"><img loading=\"lazy\" decoding=\"async\" width=\"1024\" height=\"1024\" src=\"https:\/\/alanyaesarp.com\/wp-content\/uploads\/2025\/08\/3.png\" class=\"attachment-large size-large wp-image-697\" alt=\"\" srcset=\"https:\/\/alanyaesarp.com\/wp-content\/uploads\/2025\/08\/3.png 1024w, https:\/\/alanyaesarp.com\/wp-content\/uploads\/2025\/08\/3-300x300.png 300w, https:\/\/alanyaesarp.com\/wp-content\/uploads\/2025\/08\/3-150x150.png 150w, https:\/\/alanyaesarp.com\/wp-content\/uploads\/2025\/08\/3-768x768.png 768w, https:\/\/alanyaesarp.com\/wp-content\/uploads\/2025\/08\/3-12x12.png 12w, https:\/\/alanyaesarp.com\/wp-content\/uploads\/2025\/08\/3-500x500.png 500w\" sizes=\"(max-width: 1024px) 100vw, 1024px\" \/> <span class=\"raven-post-image-overlay\"><\/span><\/a>\t\t<\/div>\r\n\t\t\r\n\t\t\t\t\t<div class=\"raven-post-content\">\r\n\t\t\t\t\t\t<h3 class=\"raven-post-title\"><a class=\"raven-post-title-link\" href=\"https:\/\/alanyaesarp.com\/de\/alanyada-esarp-sal-secimi-renk-doku-ve-kombin-rehberi-tuna-esarp-sal\/\">Schals und T\u00fccher in Alanya ausw\u00e4hlen: Leitfaden zu Farbe, Textur und Kombinationen (Tuna-Schal und -Tuch)<\/a><\/h3><div class=\"raven-post-excerpt\">Schals und T\u00fccher in Alanya ausw\u00e4hlen: Leitfaden zu Farbe, Textur und Kombinationen (Tuna-Schal und -Tuch) Beim Kauf von Schals und T\u00fcchern in Alanya reicht es nicht aus, nur das Modell auszuw\u00e4hlen; Farbe, Textur und Bindestil sind ebenfalls wichtig.<\/div>\t\t<div class=\"raven-post-read-more\">\r\n\t\t\t<a class=\"raven-post-button\" href=\"https:\/\/alanyaesarp.com\/de\/alanyada-esarp-sal-secimi-renk-doku-ve-kombin-rehberi-tuna-esarp-sal\/\"><span class=\"raven-post-button-text\">Mehr lesen<\/span><\/a>\r\n\t\t<\/div>\r\n\t\t\t\t\t\t\t<\/div>\r\n\t\t\t\t<\/div>\r\n\t\t\t<\/div>\r\n\t\t<\/div>\r\n\t\t\r\n\t\t<div class=\"swiper-slide\">\r\n\t\t\t<div class=\"raven-post-wrapper\">\r\n\t\t\t\t<div class=\"raven-post\">\r\n\t\t\t\t\t\t\t<div class=\"raven-post-image-wrap\">\r\n\t\t\t<a class=\"raven-post-image raven-image-fit\"  href=\"https:\/\/alanyaesarp.com\/de\/alanyada-esarp-sal-trendlerini-kesfedin-tuna-esarp-sal-rehberi\/\"><img loading=\"lazy\" decoding=\"async\" width=\"1024\" height=\"1024\" src=\"https:\/\/alanyaesarp.com\/wp-content\/uploads\/2025\/08\/2.png\" class=\"attachment-large size-large wp-image-696\" alt=\"\" srcset=\"https:\/\/alanyaesarp.com\/wp-content\/uploads\/2025\/08\/2.png 1024w, https:\/\/alanyaesarp.com\/wp-content\/uploads\/2025\/08\/2-300x300.png 300w, https:\/\/alanyaesarp.com\/wp-content\/uploads\/2025\/08\/2-150x150.png 150w, https:\/\/alanyaesarp.com\/wp-content\/uploads\/2025\/08\/2-768x768.png 768w, https:\/\/alanyaesarp.com\/wp-content\/uploads\/2025\/08\/2-12x12.png 12w, https:\/\/alanyaesarp.com\/wp-content\/uploads\/2025\/08\/2-500x500.png 500w\" sizes=\"(max-width: 1024px) 100vw, 1024px\" \/> <span class=\"raven-post-image-overlay\"><\/span><\/a>\t\t<\/div>\r\n\t\t\r\n\t\t\t\t\t<div class=\"raven-post-content\">\r\n\t\t\t\t\t\t<h3 class=\"raven-post-title\"><a class=\"raven-post-title-link\" href=\"https:\/\/alanyaesarp.com\/de\/alanyada-esarp-sal-trendlerini-kesfedin-tuna-esarp-sal-rehberi\/\">Entdecken Sie Schal- und T\u00fcchertrends in Alanya: Tuna Schal- und T\u00fccherf\u00fchrer<\/a><\/h3><div class=\"raven-post-excerpt\">Entdecken Sie die Schal- und T\u00fcchertrends in Alanya: Tuna Scarf &amp; Shawl Guide Wer in Alanya nach Schals und T\u00fcchern sucht, wird bei Tuna Scarf &amp; Shawl f\u00fcndig, einer Boutique in Cikcilli, die sich durch ihren einzigartigen Stil auszeichnet. Von t\u00e4glichen Kombinationen<\/div>\t\t<div class=\"raven-post-read-more\">\r\n\t\t\t<a class=\"raven-post-button\" href=\"https:\/\/alanyaesarp.com\/de\/alanyada-esarp-sal-trendlerini-kesfedin-tuna-esarp-sal-rehberi\/\"><span class=\"raven-post-button-text\">Mehr lesen<\/span><\/a>\r\n\t\t<\/div>\r\n\t\t\t\t\t\t\t<\/div>\r\n\t\t\t\t<\/div>\r\n\t\t\t<\/div>\r\n\t\t<\/div>\r\n\t\t\r\n\t\t<div class=\"swiper-slide\">\r\n\t\t\t<div class=\"raven-post-wrapper\">\r\n\t\t\t\t<div class=\"raven-post\">\r\n\t\t\t\t\t\t\t<div class=\"raven-post-image-wrap\">\r\n\t\t\t<a class=\"raven-post-image raven-image-fit\"  href=\"https:\/\/alanyaesarp.com\/de\/alanyada-esarp-sal-alisverisinin-yeni-adresi-tuna-esarp-sal-cikcilli\/\"><img loading=\"lazy\" decoding=\"async\" width=\"1024\" height=\"1024\" src=\"https:\/\/alanyaesarp.com\/wp-content\/uploads\/2025\/08\/1.png\" class=\"attachment-large size-large wp-image-695\" alt=\"\" srcset=\"https:\/\/alanyaesarp.com\/wp-content\/uploads\/2025\/08\/1.png 1024w, https:\/\/alanyaesarp.com\/wp-content\/uploads\/2025\/08\/1-300x300.png 300w, https:\/\/alanyaesarp.com\/wp-content\/uploads\/2025\/08\/1-150x150.png 150w, https:\/\/alanyaesarp.com\/wp-content\/uploads\/2025\/08\/1-768x768.png 768w, https:\/\/alanyaesarp.com\/wp-content\/uploads\/2025\/08\/1-12x12.png 12w, https:\/\/alanyaesarp.com\/wp-content\/uploads\/2025\/08\/1-500x500.png 500w\" sizes=\"(max-width: 1024px) 100vw, 1024px\" \/> <span class=\"raven-post-image-overlay\"><\/span><\/a>\t\t<\/div>\r\n\t\t\r\n\t\t\t\t\t<div class=\"raven-post-content\">\r\n\t\t\t\t\t\t<h3 class=\"raven-post-title\"><a class=\"raven-post-title-link\" href=\"https:\/\/alanyaesarp.com\/de\/alanyada-esarp-sal-alisverisinin-yeni-adresi-tuna-esarp-sal-cikcilli\/\">Die neue Adresse f\u00fcr Schal- und Stola-Shopping in Alanya: Tuna Scarf &amp; Shawl (Cikcilli)<\/a><\/h3><div class=\"raven-post-excerpt\">Die neue Adresse f\u00fcr den Schal- und T\u00fccherkauf in Alanya: Tuna Scarf &amp; Shawl (Cikcilli) Die erste Anlaufstelle f\u00fcr alle, die beim Schal- und T\u00fccherkauf in Alanya Qualit\u00e4t, Eleganz und freundlichen Service zusammen suchen, ist Tuna.<\/div>\t\t<div class=\"raven-post-read-more\">\r\n\t\t\t<a class=\"raven-post-button\" href=\"https:\/\/alanyaesarp.com\/de\/alanyada-esarp-sal-alisverisinin-yeni-adresi-tuna-esarp-sal-cikcilli\/\"><span class=\"raven-post-button-text\">Mehr lesen<\/span><\/a>\r\n\t\t<\/div>\r\n\t\t\t\t\t\t\t<\/div>\r\n\t\t\t\t<\/div>\r\n\t\t\t<\/div>\r\n\t\t<\/div>\r\n\t\t\t\t\t\t<\/div>\r\n\t\t<div class=\"swiper-pagination swiper-pager-outside bullets-pagination-type\"><\/div>\r\n\t\t<\/div>\r\n\r\n\t\t\t\t\t\t\t<div class=\"swiper-button-prev\"><\/div>\r\n\t\t\t\t<div class=\"swiper-button-next\"><\/div>\r\n\t\t\t\r\n\t\t<\/div>\r\n\t\t\t\t\t\t<\/div>\n\t\t\t\t<\/div>\n\t\t\t\t<\/div>\n\t\t\t\t\t<\/div>\n\t\t\t\t<\/div>\n\t\t\t\t<\/div>","protected":false},"excerpt":{"rendered":"<p>Blog Yaz\u0131lar\u0131m\u0131z Sizin \u0130\u00e7in Haz\u0131rlad\u0131klar\u0131m\u0131z Test Blog Yaz\u0131s\u0131 Ba\u015fl\u0131\u011f\u0131 Lorem ipsum dolor sit amet, consectetur adipiscing elit. Ut elit tellus, luctus nec ullamcorper mattis, pulvinar dapibus leo.Lorem ipsum dolor sit amet, consectetur adipiscing elit. Ut elit tellus, luctus nec Devam\u0131n\u0131 Oku Test Blog Yaz\u0131s\u0131 Ba\u015fl\u0131\u011f\u0131 Lorem ipsum dolor sit amet, consectetur adipiscing elit. Ut elit [&hellip;]<\/p>","protected":false},"author":1,"featured_media":713,"parent":0,"menu_order":0,"comment_status":"closed","ping_status":"closed","template":"elementor_header_footer","meta":{"_acf_changed":false,"footnotes":""},"class_list":["post-105","page","type-page","status-publish","has-post-thumbnail","hentry"],"acf":[],"yoast_head":"<!-- This site is optimized with the Yoast SEO plugin v25.6 - https:\/\/yoast.com\/wordpress\/plugins\/seo\/ -->\n<title>Blog<\/title>\n<meta name=\"robots\" content=\"index, follow, max-snippet:-1, max-image-preview:large, max-video-preview:-1\" \/>\n<link rel=\"canonical\" href=\"https:\/\/alanyaesarp.com\/de\/blog\/\" \/>\n<meta property=\"og:locale\" content=\"de_DE\" \/>\n<meta property=\"og:type\" content=\"article\" \/>\n<meta property=\"og:title\" content=\"Blog\" \/>\n<meta property=\"og:description\" content=\"Blog Yaz\u0131lar\u0131m\u0131z Sizin \u0130\u00e7in Haz\u0131rlad\u0131klar\u0131m\u0131z Test Blog Yaz\u0131s\u0131 Ba\u015fl\u0131\u011f\u0131 Lorem ipsum dolor sit amet, consectetur adipiscing elit. Ut elit tellus, luctus nec ullamcorper mattis, pulvinar dapibus leo.Lorem ipsum dolor sit amet, consectetur adipiscing elit. Ut elit tellus, luctus nec Devam\u0131n\u0131 Oku Test Blog Yaz\u0131s\u0131 Ba\u015fl\u0131\u011f\u0131 Lorem ipsum dolor sit amet, consectetur adipiscing elit. Ut elit [&hellip;]\" \/>\n<meta property=\"og:url\" content=\"https:\/\/alanyaesarp.com\/de\/blog\/\" \/>\n<meta property=\"og:site_name\" content=\"Alanya E\u015farp - Alanya \u015eal - Alanya T\u00fcrban\" \/>\n<meta property=\"article:modified_time\" content=\"2025-09-09T18:58:59+00:00\" \/>\n<meta property=\"og:image\" content=\"https:\/\/alanyaesarp.com\/wp-content\/uploads\/2020\/06\/Tuna-Esarp-favicon.png\" \/>\n\t<meta property=\"og:image:width\" content=\"1024\" \/>\n\t<meta property=\"og:image:height\" content=\"1024\" \/>\n\t<meta property=\"og:image:type\" content=\"image\/png\" \/>\n<meta name=\"twitter:card\" content=\"summary_large_image\" \/>\n<meta name=\"twitter:label1\" content=\"Gesch\u00e4tzte Lesezeit\" \/>\n\t<meta name=\"twitter:data1\" content=\"3\u00a0Minuten\" \/>\n<script type=\"application\/ld+json\" class=\"yoast-schema-graph\">{\"@context\":\"https:\/\/schema.org\",\"@graph\":[{\"@type\":\"WebPage\",\"@id\":\"https:\/\/alanyaesarp.com\/blog\/\",\"url\":\"https:\/\/alanyaesarp.com\/blog\/\",\"name\":\"Blog\",\"isPartOf\":{\"@id\":\"https:\/\/alanyaesarp.com\/#website\"},\"primaryImageOfPage\":{\"@id\":\"https:\/\/alanyaesarp.com\/blog\/#primaryimage\"},\"image\":{\"@id\":\"https:\/\/alanyaesarp.com\/blog\/#primaryimage\"},\"thumbnailUrl\":\"https:\/\/alanyaesarp.com\/wp-content\/uploads\/2020\/06\/Tuna-Esarp-favicon.png\",\"datePublished\":\"2020-06-24T07:16:32+00:00\",\"dateModified\":\"2025-09-09T18:58:59+00:00\",\"breadcrumb\":{\"@id\":\"https:\/\/alanyaesarp.com\/blog\/#breadcrumb\"},\"inLanguage\":\"de\",\"potentialAction\":[{\"@type\":\"ReadAction\",\"target\":[\"https:\/\/alanyaesarp.com\/blog\/\"]}]},{\"@type\":\"ImageObject\",\"inLanguage\":\"de\",\"@id\":\"https:\/\/alanyaesarp.com\/blog\/#primaryimage\",\"url\":\"https:\/\/alanyaesarp.com\/wp-content\/uploads\/2020\/06\/Tuna-Esarp-favicon.png\",\"contentUrl\":\"https:\/\/alanyaesarp.com\/wp-content\/uploads\/2020\/06\/Tuna-Esarp-favicon.png\",\"width\":1024,\"height\":1024},{\"@type\":\"BreadcrumbList\",\"@id\":\"https:\/\/alanyaesarp.com\/blog\/#breadcrumb\",\"itemListElement\":[{\"@type\":\"ListItem\",\"position\":1,\"name\":\"Anasayfa\",\"item\":\"https:\/\/alanyaesarp.com\/\"},{\"@type\":\"ListItem\",\"position\":2,\"name\":\"Blog\"}]},{\"@type\":\"WebSite\",\"@id\":\"https:\/\/alanyaesarp.com\/#website\",\"url\":\"https:\/\/alanyaesarp.com\/\",\"name\":\"Alanya E\u015farp - Alanya \u015eal - Alanya T\u00fcrban\",\"description\":\"Alanya E\u015farp - Alanya \u015eal - Alanya T\u00fcrban\",\"potentialAction\":[{\"@type\":\"SearchAction\",\"target\":{\"@type\":\"EntryPoint\",\"urlTemplate\":\"https:\/\/alanyaesarp.com\/?s={search_term_string}\"},\"query-input\":{\"@type\":\"PropertyValueSpecification\",\"valueRequired\":true,\"valueName\":\"search_term_string\"}}],\"inLanguage\":\"de\"}]}<\/script>\n<!-- \/ Yoast SEO plugin. -->","yoast_head_json":{"title":"Blog","robots":{"index":"index","follow":"follow","max-snippet":"max-snippet:-1","max-image-preview":"max-image-preview:large","max-video-preview":"max-video-preview:-1"},"canonical":"https:\/\/alanyaesarp.com\/de\/blog\/","og_locale":"de_DE","og_type":"article","og_title":"Blog","og_description":"Blog Yaz\u0131lar\u0131m\u0131z Sizin \u0130\u00e7in Haz\u0131rlad\u0131klar\u0131m\u0131z Test Blog Yaz\u0131s\u0131 Ba\u015fl\u0131\u011f\u0131 Lorem ipsum dolor sit amet, consectetur adipiscing elit. Ut elit tellus, luctus nec ullamcorper mattis, pulvinar dapibus leo.Lorem ipsum dolor sit amet, consectetur adipiscing elit. Ut elit tellus, luctus nec Devam\u0131n\u0131 Oku Test Blog Yaz\u0131s\u0131 Ba\u015fl\u0131\u011f\u0131 Lorem ipsum dolor sit amet, consectetur adipiscing elit. Ut elit [&hellip;]","og_url":"https:\/\/alanyaesarp.com\/de\/blog\/","og_site_name":"Alanya E\u015farp - Alanya \u015eal - Alanya T\u00fcrban","article_modified_time":"2025-09-09T18:58:59+00:00","og_image":[{"width":1024,"height":1024,"url":"https:\/\/alanyaesarp.com\/wp-content\/uploads\/2020\/06\/Tuna-Esarp-favicon.png","type":"image\/png"}],"twitter_card":"summary_large_image","twitter_misc":{"Gesch\u00e4tzte Lesezeit":"3\u00a0Minuten"},"schema":{"@context":"https:\/\/schema.org","@graph":[{"@type":"WebPage","@id":"https:\/\/alanyaesarp.com\/blog\/","url":"https:\/\/alanyaesarp.com\/blog\/","name":"Blog","isPartOf":{"@id":"https:\/\/alanyaesarp.com\/#website"},"primaryImageOfPage":{"@id":"https:\/\/alanyaesarp.com\/blog\/#primaryimage"},"image":{"@id":"https:\/\/alanyaesarp.com\/blog\/#primaryimage"},"thumbnailUrl":"https:\/\/alanyaesarp.com\/wp-content\/uploads\/2020\/06\/Tuna-Esarp-favicon.png","datePublished":"2020-06-24T07:16:32+00:00","dateModified":"2025-09-09T18:58:59+00:00","breadcrumb":{"@id":"https:\/\/alanyaesarp.com\/blog\/#breadcrumb"},"inLanguage":"de","potentialAction":[{"@type":"ReadAction","target":["https:\/\/alanyaesarp.com\/blog\/"]}]},{"@type":"ImageObject","inLanguage":"de","@id":"https:\/\/alanyaesarp.com\/blog\/#primaryimage","url":"https:\/\/alanyaesarp.com\/wp-content\/uploads\/2020\/06\/Tuna-Esarp-favicon.png","contentUrl":"https:\/\/alanyaesarp.com\/wp-content\/uploads\/2020\/06\/Tuna-Esarp-favicon.png","width":1024,"height":1024},{"@type":"BreadcrumbList","@id":"https:\/\/alanyaesarp.com\/blog\/#breadcrumb","itemListElement":[{"@type":"ListItem","position":1,"name":"Anasayfa","item":"https:\/\/alanyaesarp.com\/"},{"@type":"ListItem","position":2,"name":"Blog"}]},{"@type":"WebSite","@id":"https:\/\/alanyaesarp.com\/#website","url":"https:\/\/alanyaesarp.com\/","name":"Alanya E\u015farp - Alanya \u015eal - Alanya T\u00fcrban","description":"Alanya E\u015farp - Alanya \u015eal - Alanya T\u00fcrban","potentialAction":[{"@type":"SearchAction","target":{"@type":"EntryPoint","urlTemplate":"https:\/\/alanyaesarp.com\/?s={search_term_string}"},"query-input":{"@type":"PropertyValueSpecification","valueRequired":true,"valueName":"search_term_string"}}],"inLanguage":"de"}]}},"_links":{"self":[{"href":"https:\/\/alanyaesarp.com\/de\/wp-json\/wp\/v2\/pages\/105","targetHints":{"allow":["GET"]}}],"collection":[{"href":"https:\/\/alanyaesarp.com\/de\/wp-json\/wp\/v2\/pages"}],"about":[{"href":"https:\/\/alanyaesarp.com\/de\/wp-json\/wp\/v2\/types\/page"}],"author":[{"embeddable":true,"href":"https:\/\/alanyaesarp.com\/de\/wp-json\/wp\/v2\/users\/1"}],"replies":[{"embeddable":true,"href":"https:\/\/alanyaesarp.com\/de\/wp-json\/wp\/v2\/comments?post=105"}],"version-history":[{"count":12,"href":"https:\/\/alanyaesarp.com\/de\/wp-json\/wp\/v2\/pages\/105\/revisions"}],"predecessor-version":[{"id":791,"href":"https:\/\/alanyaesarp.com\/de\/wp-json\/wp\/v2\/pages\/105\/revisions\/791"}],"wp:featuredmedia":[{"embeddable":true,"href":"https:\/\/alanyaesarp.com\/de\/wp-json\/wp\/v2\/media\/713"}],"wp:attachment":[{"href":"https:\/\/alanyaesarp.com\/de\/wp-json\/wp\/v2\/media?parent=105"}],"curies":[{"name":"wp","href":"https:\/\/api.w.org\/{rel}","templated":true}]}}